{"id":1855,"date":"2021-01-11T21:06:22","date_gmt":"2021-01-11T20:06:22","guid":{"rendered":"https:\/\/ramonsantafe.es\/rental-service\/"},"modified":"2025-03-25T10:01:04","modified_gmt":"2025-03-25T09:01:04","slug":"rental-service","status":"publish","type":"page","link":"https:\/\/ramonsantafe.es\/en\/rental-service\/","title":{"rendered":"Rental Service"},"content":{"rendered":"\t\t<div data-elementor-type=\"wp-page\" data-elementor-id=\"1855\" class=\"elementor elementor-1855 elementor-1576\">\n\t\t\t\t\t\t<div class=\"elementor-inner\">\n\t\t\t\t<div class=\"elementor-section-wrap\">\n\t\t\t\t\t\t\t\t\t<section class=\"elementor-section elementor-top-section elementor-element elementor-element-afb6d56 elementor-section-full_width elementor-section-stretched elementor-section-height-default elementor-section-height-default\" data-id=\"afb6d56\" data-element_type=\"section\" data-settings=\"{&quot;stretch_section&quot;:&quot;section-stretched&quot;}\">\n\t\t\t\t\t\t<div class=\"elementor-container elementor-column-gap-no\">\n\t\t\t\t\t\t\t<div class=\"elementor-row\">\n\t\t\t\t\t<div class=\"elementor-column elementor-col-100 elementor-top-column elementor-element elementor-element-7788926\" data-id=\"7788926\" data-element_type=\"column\">\n\t\t\t<div class=\"elementor-column-wrap elementor-element-populated\">\n\t\t\t\t\t\t\t<div class=\"elementor-widget-wrap\">\n\t\t\t\t\t\t<div class=\"elementor-element elementor-element-2178c88 elementor-widget elementor-widget-image\" data-id=\"2178c88\" data-element_type=\"widget\" data-widget_type=\"image.default\">\n\t\t\t\t<div class=\"elementor-widget-container\">\n\t\t\t\t\t\t\t\t<div class=\"elementor-image\">\n\t\t\t\t\t\t\t\t\t\t\t\t<img decoding=\"async\" width=\"1920\" height=\"500\" src=\"https:\/\/ramonsantafe.es\/wp-content\/uploads\/2021\/01\/nieruchomosc.jpg\" class=\"attachment-full size-full wp-image-1582\" alt=\"\" loading=\"lazy\" srcset=\"https:\/\/ramonsantafe.es\/wp-content\/uploads\/2021\/01\/nieruchomosc.jpg 1920w, https:\/\/ramonsantafe.es\/wp-content\/uploads\/2021\/01\/nieruchomosc-300x78.jpg 300w, https:\/\/ramonsantafe.es\/wp-content\/uploads\/2021\/01\/nieruchomosc-1024x267.jpg 1024w, https:\/\/ramonsantafe.es\/wp-content\/uploads\/2021\/01\/nieruchomosc-768x200.jpg 768w, https:\/\/ramonsantafe.es\/wp-content\/uploads\/2021\/01\/nieruchomosc-1536x400.jpg 1536w, https:\/\/ramonsantafe.es\/wp-content\/uploads\/2021\/01\/nieruchomosc-24x6.jpg 24w, https:\/\/ramonsantafe.es\/wp-content\/uploads\/2021\/01\/nieruchomosc-36x9.jpg 36w, https:\/\/ramonsantafe.es\/wp-content\/uploads\/2021\/01\/nieruchomosc-48x13.jpg 48w\" sizes=\"(max-width: 1920px) 100vw, 1920px\" \/>\t\t\t\t\t\t\t\t\t\t\t\t\t\t<\/div>\n\t\t\t\t\t\t<\/div>\n\t\t\t\t<\/div>\n\t\t\t\t\t\t<\/div>\n\t\t\t\t\t<\/div>\n\t\t<\/div>\n\t\t\t\t\t\t\t\t<\/div>\n\t\t\t\t\t<\/div>\n\t\t<\/section>\n\t\t\t\t<section class=\"elementor-section elementor-top-section elementor-element elementor-element-f080eff elementor-section-boxed elementor-section-height-default elementor-section-height-default\" data-id=\"f080eff\" data-element_type=\"section\">\n\t\t\t\t\t\t<div class=\"elementor-container elementor-column-gap-default\">\n\t\t\t\t\t\t\t<div class=\"elementor-row\">\n\t\t\t\t\t<div class=\"elementor-column elementor-col-100 elementor-top-column elementor-element elementor-element-9202d8a\" data-id=\"9202d8a\" data-element_type=\"column\">\n\t\t\t<div class=\"elementor-column-wrap elementor-element-populated\">\n\t\t\t\t\t\t\t<div class=\"elementor-widget-wrap\">\n\t\t\t\t\t\t<div class=\"elementor-element elementor-element-a4c0866 elementor-widget elementor-widget-spacer\" data-id=\"a4c0866\" data-element_type=\"widget\" data-widget_type=\"spacer.default\">\n\t\t\t\t<div class=\"elementor-widget-container\">\n\t\t\t\t\t<div class=\"elementor-spacer\">\n\t\t\t<div class=\"elementor-spacer-inner\"><\/div>\n\t\t<\/div>\n\t\t\t\t<\/div>\n\t\t\t\t<\/div>\n\t\t\t\t\t\t<\/div>\n\t\t\t\t\t<\/div>\n\t\t<\/div>\n\t\t\t\t\t\t\t\t<\/div>\n\t\t\t\t\t<\/div>\n\t\t<\/section>\n\t\t\t\t<section class=\"elementor-section elementor-top-section elementor-element elementor-element-83f54fe elementor-section-boxed elementor-section-height-default elementor-section-height-default\" data-id=\"83f54fe\" data-element_type=\"section\">\n\t\t\t\t\t\t<div class=\"elementor-container elementor-column-gap-default\">\n\t\t\t\t\t\t\t<div class=\"elementor-row\">\n\t\t\t\t\t<div class=\"elementor-column elementor-col-100 elementor-top-column elementor-element elementor-element-b5a7b6a\" data-id=\"b5a7b6a\" data-element_type=\"column\">\n\t\t\t<div class=\"elementor-column-wrap\">\n\t\t\t\t\t\t\t<div class=\"elementor-widget-wrap\">\n\t\t\t\t\t\t\t\t<\/div>\n\t\t\t\t\t<\/div>\n\t\t<\/div>\n\t\t\t\t\t\t\t\t<\/div>\n\t\t\t\t\t<\/div>\n\t\t<\/section>\n\t\t\t\t<section class=\"elementor-section elementor-top-section elementor-element elementor-element-cf32ea6 elementor-section-boxed elementor-section-height-default elementor-section-height-default\" data-id=\"cf32ea6\" data-element_type=\"section\">\n\t\t\t\t\t\t<div class=\"elementor-container elementor-column-gap-default\">\n\t\t\t\t\t\t\t<div class=\"elementor-row\">\n\t\t\t\t\t<div class=\"elementor-column elementor-col-100 elementor-top-column elementor-element elementor-element-b68da00\" data-id=\"b68da00\" data-element_type=\"column\">\n\t\t\t<div class=\"elementor-column-wrap elementor-element-populated\">\n\t\t\t\t\t\t\t<div class=\"elementor-widget-wrap\">\n\t\t\t\t\t\t<div class=\"elementor-element elementor-element-9d516e1 elementor-widget elementor-widget-text-editor\" data-id=\"9d516e1\" data-element_type=\"widget\" data-widget_type=\"text-editor.default\">\n\t\t\t\t<div class=\"elementor-widget-container\">\n\t\t\t\t\t\t\t\t<div class=\"elementor-text-editor elementor-clearfix\">\n\t\t\t\t<p style=\"text-align: justify;\">Renting of homes for summer holiday is a good investment, especially if we think about Spain. Affordable prices for real estate mean that many people decide to buy a house with the intention of moving there in the future. Most often, at the same time when the house is purchased, you have a plan for its rentalin futureto reduce the cost of living and to earn money in periods when we can not use it by ourselves.<\/p><p>However, it is worth to know that these investments are not exempt from tax obligations, and property owners are not always aware of these obligations. <strong><u>The obligation to report all information regarding holiday rentals in the real estate to the Spanish Tax Office fact by large booking portals also impacts on much better taxpayer control by the State Administration.<\/u><\/strong><\/p><p><strong><u>Because the lack of knowledge about fiscal obligations does not release the taxpayer from liability for omissions,<\/u><\/strong> therefore we present below what taxes must take into account non-residents owning reale state, regardless of whether it is intended to be used by the owner or for holiday rental.<\/p><p>Most people know the IBI tax (<strong>i.e.<\/strong> <strong>Property Tax<\/strong>), which is charged by the City Office in the place where the property is located and usually collected automatically from the taxpayer&#8217;s bank account. The amount of this tax depends on the cadastral value of the property. This tax is paid annually by all property owners, regardless of its type: apartment, house, commercial premises or garage, etc.<\/p><p>Another tax paid by property owners who are not fiscal residents in Spain is the tax for non-residents (<strong>Income Tax for Non-Residents<\/strong>), which has two forms depending on the situation:<\/p><ul><li>The tax <strong>&#8216;Income Allocation&#8217;<\/strong> if real estate is used by its owner and is not rented for profit. The amount of this tax depends on the cadastral value of the property. The declaration must be submitted by December 31 of the year which follows the year to which the settlement relates.<\/li><li><strong>Tax on income from tourist or long-term rental<\/strong> is incurred when the property is rented to tourists for a holiday stay or to private persons as a permanent residence. A characteristic feature of this tax is that it is paid quarterly in April, July, October and January. The good news is that you can deduct some of your rental expenses as the cost.<\/li><\/ul><p>If the property is not rented for profit throughout the year, the owner of the property is required to report rental income in the relevant quarters and submit an annual declaration &#8220;Income Allocation&#8221; for the period when the real estate was not rented andit was used only by the owner.<\/p><p>Our GESTORIA RAMON SANTAFE S.L. accounting office offers services related to the completion of tax formalities related to the rental of real estate in Spain with maintaining complete transparency:<\/p><ul><li>notification of the taxpayer and updating its data in the Spanish Tax Office<\/li><li>making tax settlements on income from tourist rental<\/li><li>presentation of tax returns<\/li><li>tax payment on behalf of clients<\/li><\/ul>\t\t\t\t\t<\/div>\n\t\t\t\t\t\t<\/div>\n\t\t\t\t<\/div>\n\t\t\t\t\t\t<\/div>\n\t\t\t\t\t<\/div>\n\t\t<\/div>\n\t\t\t\t\t\t\t\t<\/div>\n\t\t\t\t\t<\/div>\n\t\t<\/section>\n\t\t\t\t<section class=\"elementor-section elementor-top-section elementor-element elementor-element-e44d379 elementor-section-boxed elementor-section-height-default elementor-section-height-default\" data-id=\"e44d379\" data-element_type=\"section\">\n\t\t\t\t\t\t<div class=\"elementor-container elementor-column-gap-default\">\n\t\t\t\t\t\t\t<div class=\"elementor-row\">\n\t\t\t\t\t<div class=\"elementor-column elementor-col-100 elementor-top-column elementor-element elementor-element-e2a36bd\" data-id=\"e2a36bd\" data-element_type=\"column\">\n\t\t\t<div class=\"elementor-column-wrap elementor-element-populated\">\n\t\t\t\t\t\t\t<div class=\"elementor-widget-wrap\">\n\t\t\t\t\t\t<div class=\"elementor-element elementor-element-2d00acb elementor-widget elementor-widget-alert\" data-id=\"2d00acb\" data-element_type=\"widget\" data-widget_type=\"alert.default\">\n\t\t\t\t<div class=\"elementor-widget-container\">\n\t\t\t\t\t<div class=\"elementor-alert elementor-alert-danger\" role=\"alert\">\n\t\t\t<span class=\"elementor-alert-title\">IMPORTANT !!!<\/span>\n\t\t\t\t\t\t\t<span class=\"elementor-alert-description\"><p>When real estateis owned by a married couple or several people, each of them is an independent taxpayer, so each one must file separate tax returns and pay the tax amount in proportion to the percentage of ownership.<\/p>\n<\/span>\n\t\t\t\t\t\t\t\t<\/div>\n\t\t\t\t<\/div>\n\t\t\t\t<\/div>\n\t\t\t\t\t\t<\/div>\n\t\t\t\t\t<\/div>\n\t\t<\/div>\n\t\t\t\t\t\t\t\t<\/div>\n\t\t\t\t\t<\/div>\n\t\t<\/section>\n\t\t\t\t\t\t\t\t\t<\/div>\n\t\t\t<\/div>\n\t\t\t\t\t<\/div>\n\t\t","protected":false},"excerpt":{"rendered":"<p>Renting of homes for summer holiday is a good investment, especially if we think about Spain. Affordable prices for real estate mean that many people decide to buy a house with the intention of moving there in the future. Most often, at the same time when the house is purchased, you have a plan for [&hellip;]<\/p>\n","protected":false},"author":5,"featured_media":0,"parent":0,"menu_order":0,"comment_status":"closed","ping_status":"closed","template":"","meta":[],"yoast_head":"<!-- This site is optimized with the Yoast SEO plugin v20.5 - https:\/\/yoast.com\/wordpress\/plugins\/seo\/ -->\n<title>Rental Service - Gestor\u00eda Ram\u00f3n Santaf\u00e9 S.L.<\/title>\n<meta name=\"robots\" content=\"index, follow, max-snippet:-1, max-image-preview:large, max-video-preview:-1\" \/>\n<link rel=\"canonical\" href=\"https:\/\/ramonsantafe.es\/en\/rental-service\/\" \/>\n<meta property=\"og:locale\" content=\"en_US\" \/>\n<meta property=\"og:type\" content=\"article\" \/>\n<meta property=\"og:title\" content=\"Rental Service - Gestor\u00eda Ram\u00f3n Santaf\u00e9 S.L.\" \/>\n<meta property=\"og:description\" content=\"Renting of homes for summer holiday is a good investment, especially if we think about Spain. Affordable prices for real estate mean that many people decide to buy a house with the intention of moving there in the future. Most often, at the same time when the house is purchased, you have a plan for [&hellip;]\" \/>\n<meta property=\"og:url\" content=\"https:\/\/ramonsantafe.es\/en\/rental-service\/\" \/>\n<meta property=\"og:site_name\" content=\"Gestor\u00eda Ram\u00f3n Santaf\u00e9 S.L.\" \/>\n<meta property=\"article:modified_time\" content=\"2025-03-25T09:01:04+00:00\" \/>\n<meta property=\"og:image\" content=\"https:\/\/ramonsantafe.es\/wp-content\/uploads\/2021\/01\/nieruchomosc.jpg\" \/>\n<meta name=\"twitter:card\" content=\"summary_large_image\" \/>\n<meta name=\"twitter:label1\" content=\"Est. reading time\" \/>\n\t<meta name=\"twitter:data1\" content=\"3 minutes\" \/>\n<script type=\"application\/ld+json\" class=\"yoast-schema-graph\">{\"@context\":\"https:\/\/schema.org\",\"@graph\":[{\"@type\":\"WebPage\",\"@id\":\"https:\/\/ramonsantafe.es\/en\/rental-service\/\",\"url\":\"https:\/\/ramonsantafe.es\/en\/rental-service\/\",\"name\":\"Rental Service - Gestor\u00eda Ram\u00f3n Santaf\u00e9 S.L.\",\"isPartOf\":{\"@id\":\"https:\/\/ramonsantafe.es\/#website\"},\"datePublished\":\"2021-01-11T20:06:22+00:00\",\"dateModified\":\"2025-03-25T09:01:04+00:00\",\"breadcrumb\":{\"@id\":\"https:\/\/ramonsantafe.es\/en\/rental-service\/#breadcrumb\"},\"inLanguage\":\"en-US\",\"potentialAction\":[{\"@type\":\"ReadAction\",\"target\":[\"https:\/\/ramonsantafe.es\/en\/rental-service\/\"]}]},{\"@type\":\"BreadcrumbList\",\"@id\":\"https:\/\/ramonsantafe.es\/en\/rental-service\/#breadcrumb\",\"itemListElement\":[{\"@type\":\"ListItem\",\"position\":1,\"name\":\"Home\",\"item\":\"https:\/\/ramonsantafe.es\/en\/\"},{\"@type\":\"ListItem\",\"position\":2,\"name\":\"Rental Service\"}]},{\"@type\":\"WebSite\",\"@id\":\"https:\/\/ramonsantafe.es\/#website\",\"url\":\"https:\/\/ramonsantafe.es\/\",\"name\":\"Gestor\u00eda Ram\u00f3n Santaf\u00e9 S.L.\",\"description\":\"Gestor\u00eda Ram\u00f3n Santaf\u00e9 S.L.\",\"publisher\":{\"@id\":\"https:\/\/ramonsantafe.es\/#organization\"},\"potentialAction\":[{\"@type\":\"SearchAction\",\"target\":{\"@type\":\"EntryPoint\",\"urlTemplate\":\"https:\/\/ramonsantafe.es\/?s={search_term_string}\"},\"query-input\":\"required name=search_term_string\"}],\"inLanguage\":\"en-US\"},{\"@type\":\"Organization\",\"@id\":\"https:\/\/ramonsantafe.es\/#organization\",\"name\":\"Gestor\u00eda Ram\u00f3n Santaf\u00e9 S.L.\",\"url\":\"https:\/\/ramonsantafe.es\/\",\"logo\":{\"@type\":\"ImageObject\",\"inLanguage\":\"en-US\",\"@id\":\"https:\/\/ramonsantafe.es\/#\/schema\/logo\/image\/\",\"url\":\"https:\/\/ramonsantafe.es\/wp-content\/uploads\/2024\/12\/cropped-cropped-Gestoria-Ramon-Santafe-WEB-2.png\",\"contentUrl\":\"https:\/\/ramonsantafe.es\/wp-content\/uploads\/2024\/12\/cropped-cropped-Gestoria-Ramon-Santafe-WEB-2.png\",\"width\":1355,\"height\":733,\"caption\":\"Gestor\u00eda Ram\u00f3n Santaf\u00e9 S.L.\"},\"image\":{\"@id\":\"https:\/\/ramonsantafe.es\/#\/schema\/logo\/image\/\"}}]}<\/script>\n<!-- \/ Yoast SEO plugin. -->","yoast_head_json":{"title":"Rental Service - Gestor\u00eda Ram\u00f3n Santaf\u00e9 S.L.","robots":{"index":"index","follow":"follow","max-snippet":"max-snippet:-1","max-image-preview":"max-image-preview:large","max-video-preview":"max-video-preview:-1"},"canonical":"https:\/\/ramonsantafe.es\/en\/rental-service\/","og_locale":"en_US","og_type":"article","og_title":"Rental Service - Gestor\u00eda Ram\u00f3n Santaf\u00e9 S.L.","og_description":"Renting of homes for summer holiday is a good investment, especially if we think about Spain. Affordable prices for real estate mean that many people decide to buy a house with the intention of moving there in the future. Most often, at the same time when the house is purchased, you have a plan for [&hellip;]","og_url":"https:\/\/ramonsantafe.es\/en\/rental-service\/","og_site_name":"Gestor\u00eda Ram\u00f3n Santaf\u00e9 S.L.","article_modified_time":"2025-03-25T09:01:04+00:00","og_image":[{"url":"https:\/\/ramonsantafe.es\/wp-content\/uploads\/2021\/01\/nieruchomosc.jpg"}],"twitter_card":"summary_large_image","twitter_misc":{"Est. reading time":"3 minutes"},"schema":{"@context":"https:\/\/schema.org","@graph":[{"@type":"WebPage","@id":"https:\/\/ramonsantafe.es\/en\/rental-service\/","url":"https:\/\/ramonsantafe.es\/en\/rental-service\/","name":"Rental Service - Gestor\u00eda Ram\u00f3n Santaf\u00e9 S.L.","isPartOf":{"@id":"https:\/\/ramonsantafe.es\/#website"},"datePublished":"2021-01-11T20:06:22+00:00","dateModified":"2025-03-25T09:01:04+00:00","breadcrumb":{"@id":"https:\/\/ramonsantafe.es\/en\/rental-service\/#breadcrumb"},"inLanguage":"en-US","potentialAction":[{"@type":"ReadAction","target":["https:\/\/ramonsantafe.es\/en\/rental-service\/"]}]},{"@type":"BreadcrumbList","@id":"https:\/\/ramonsantafe.es\/en\/rental-service\/#breadcrumb","itemListElement":[{"@type":"ListItem","position":1,"name":"Home","item":"https:\/\/ramonsantafe.es\/en\/"},{"@type":"ListItem","position":2,"name":"Rental Service"}]},{"@type":"WebSite","@id":"https:\/\/ramonsantafe.es\/#website","url":"https:\/\/ramonsantafe.es\/","name":"Gestor\u00eda Ram\u00f3n Santaf\u00e9 S.L.","description":"Gestor\u00eda Ram\u00f3n Santaf\u00e9 S.L.","publisher":{"@id":"https:\/\/ramonsantafe.es\/#organization"},"potentialAction":[{"@type":"SearchAction","target":{"@type":"EntryPoint","urlTemplate":"https:\/\/ramonsantafe.es\/?s={search_term_string}"},"query-input":"required name=search_term_string"}],"inLanguage":"en-US"},{"@type":"Organization","@id":"https:\/\/ramonsantafe.es\/#organization","name":"Gestor\u00eda Ram\u00f3n Santaf\u00e9 S.L.","url":"https:\/\/ramonsantafe.es\/","logo":{"@type":"ImageObject","inLanguage":"en-US","@id":"https:\/\/ramonsantafe.es\/#\/schema\/logo\/image\/","url":"https:\/\/ramonsantafe.es\/wp-content\/uploads\/2024\/12\/cropped-cropped-Gestoria-Ramon-Santafe-WEB-2.png","contentUrl":"https:\/\/ramonsantafe.es\/wp-content\/uploads\/2024\/12\/cropped-cropped-Gestoria-Ramon-Santafe-WEB-2.png","width":1355,"height":733,"caption":"Gestor\u00eda Ram\u00f3n Santaf\u00e9 S.L."},"image":{"@id":"https:\/\/ramonsantafe.es\/#\/schema\/logo\/image\/"}}]}},"_links":{"self":[{"href":"https:\/\/ramonsantafe.es\/en\/wp-json\/wp\/v2\/pages\/1855"}],"collection":[{"href":"https:\/\/ramonsantafe.es\/en\/wp-json\/wp\/v2\/pages"}],"about":[{"href":"https:\/\/ramonsantafe.es\/en\/wp-json\/wp\/v2\/types\/page"}],"author":[{"embeddable":true,"href":"https:\/\/ramonsantafe.es\/en\/wp-json\/wp\/v2\/users\/5"}],"replies":[{"embeddable":true,"href":"https:\/\/ramonsantafe.es\/en\/wp-json\/wp\/v2\/comments?post=1855"}],"version-history":[{"count":5,"href":"https:\/\/ramonsantafe.es\/en\/wp-json\/wp\/v2\/pages\/1855\/revisions"}],"predecessor-version":[{"id":2379,"href":"https:\/\/ramonsantafe.es\/en\/wp-json\/wp\/v2\/pages\/1855\/revisions\/2379"}],"wp:attachment":[{"href":"https:\/\/ramonsantafe.es\/en\/wp-json\/wp\/v2\/media?parent=1855"}],"curies":[{"name":"wp","href":"https:\/\/api.w.org\/{rel}","templated":true}]}}