{"id":1846,"date":"2016-11-30T16:25:11","date_gmt":"2016-11-30T15:25:11","guid":{"rendered":"https:\/\/ramonsantafe.es\/disclaimer\/"},"modified":"2024-12-11T13:35:05","modified_gmt":"2024-12-11T12:35:05","slug":"disclaimer","status":"publish","type":"page","link":"https:\/\/ramonsantafe.es\/en\/disclaimer\/","title":{"rendered":"Disclaimer"},"content":{"rendered":"\t\t<div data-elementor-type=\"wp-post\" data-elementor-id=\"1846\" class=\"elementor elementor-1846 elementor-286\">\n\t\t\t\t\t\t<div class=\"elementor-inner\">\n\t\t\t\t<div class=\"elementor-section-wrap\">\n\t\t\t\t\t\t\t\t\t<section class=\"elementor-section elementor-top-section elementor-element elementor-element-a97903a elementor-section-boxed elementor-section-height-default elementor-section-height-default\" data-id=\"a97903a\" data-element_type=\"section\">\n\t\t\t\t\t\t<div class=\"elementor-container elementor-column-gap-default\">\n\t\t\t\t\t\t\t<div class=\"elementor-row\">\n\t\t\t\t\t<div class=\"elementor-column elementor-col-100 elementor-top-column elementor-element elementor-element-12d3e535\" data-id=\"12d3e535\" data-element_type=\"column\">\n\t\t\t<div class=\"elementor-column-wrap elementor-element-populated\">\n\t\t\t\t\t\t\t<div class=\"elementor-widget-wrap\">\n\t\t\t\t\t\t<div class=\"elementor-element elementor-element-819d5f4 elementor-widget elementor-widget-spacer\" data-id=\"819d5f4\" data-element_type=\"widget\" data-widget_type=\"spacer.default\">\n\t\t\t\t<div class=\"elementor-widget-container\">\n\t\t\t\t\t<div class=\"elementor-spacer\">\n\t\t\t<div class=\"elementor-spacer-inner\"><\/div>\n\t\t<\/div>\n\t\t\t\t<\/div>\n\t\t\t\t<\/div>\n\t\t\t\t<div class=\"elementor-element elementor-element-69fb05d elementor-widget elementor-widget-spacer\" data-id=\"69fb05d\" data-element_type=\"widget\" data-widget_type=\"spacer.default\">\n\t\t\t\t<div class=\"elementor-widget-container\">\n\t\t\t\t\t<div class=\"elementor-spacer\">\n\t\t\t<div class=\"elementor-spacer-inner\"><\/div>\n\t\t<\/div>\n\t\t\t\t<\/div>\n\t\t\t\t<\/div>\n\t\t\t\t<div class=\"elementor-element elementor-element-7aede8a3 elementor-widget elementor-widget-text-editor\" data-id=\"7aede8a3\" data-element_type=\"widget\" data-widget_type=\"text-editor.default\">\n\t\t\t\t<div class=\"elementor-widget-container\">\n\t\t\t\t\t\t\t\t<div class=\"elementor-text-editor elementor-clearfix\">\n\t\t\t\t<p><img decoding=\"async\" loading=\"lazy\" class=\"alignnone size-medium wp-image-2103\" src=\"https:\/\/ramonsantafe.es\/wp-content\/uploads\/2024\/12\/cropped-cropped-cropped-Gestoria-Ramon-Santafe-WEB-Ingles-1-300x166.png\" alt=\"\" width=\"300\" height=\"166\" srcset=\"https:\/\/ramonsantafe.es\/wp-content\/uploads\/2024\/12\/cropped-cropped-cropped-Gestoria-Ramon-Santafe-WEB-Ingles-1-300x166.png 300w, https:\/\/ramonsantafe.es\/wp-content\/uploads\/2024\/12\/cropped-cropped-cropped-Gestoria-Ramon-Santafe-WEB-Ingles-1-1024x566.png 1024w, https:\/\/ramonsantafe.es\/wp-content\/uploads\/2024\/12\/cropped-cropped-cropped-Gestoria-Ramon-Santafe-WEB-Ingles-1-768x424.png 768w, https:\/\/ramonsantafe.es\/wp-content\/uploads\/2024\/12\/cropped-cropped-cropped-Gestoria-Ramon-Santafe-WEB-Ingles-1-24x13.png 24w, https:\/\/ramonsantafe.es\/wp-content\/uploads\/2024\/12\/cropped-cropped-cropped-Gestoria-Ramon-Santafe-WEB-Ingles-1-36x20.png 36w, https:\/\/ramonsantafe.es\/wp-content\/uploads\/2024\/12\/cropped-cropped-cropped-Gestoria-Ramon-Santafe-WEB-Ingles-1-48x27.png 48w, https:\/\/ramonsantafe.es\/wp-content\/uploads\/2024\/12\/cropped-cropped-cropped-Gestoria-Ramon-Santafe-WEB-Ingles-1.png 1359w\" sizes=\"(max-width: 300px) 100vw, 300px\" \/><\/p><p style=\"text-align: justify;\">Pursuant to Law 34\/2002 &#8220;Servicios de la Sociedad de la Informaci\u00f3n y de Comercio Electr\u00f3nico&#8221; of 11 July, Gestor\u00eda Ram\u00f3n Santaf\u00e9, S.L. hereby informs that it is the owner of the website office: <a href=\"http:\/\/ramonsantafe.es\">ramonsantafe.es<\/a>. Pursuant to the requirement of Art. 10 of the said law, Gestor\u00eda Ram\u00f3n Santafe, S.L. also informs that:<\/p><p style=\"text-align: justify;\">he owner of this website, Gestor\u00eda Ram\u00f3n Santaf\u00e9, S.L. with tax identification number CIF B98523319 and headquartered at Avda. 9 de Octubre 148 Bajo- dcha, 46520- Puerto Sagunto (Valencia), is registered with the Commercial Register of Valencia, volume 9616, sheet V153486 entry 1. The e-mail address for contacting the company is: <span class=\"notouch\" style=\"color: #f3394f;\">info@ramonsantafe.es<\/span><\/p><p style=\"text-align: justify;\"><strong>OBLIGATIONS OF THE USER USING THIS SITE<\/strong><\/p><p style=\"text-align: justify;\">Navigation, access and use of the website of Gestor\u00eda Ram\u00f3n Santaf\u00e9, S.L. is tantamount to receiving user status and accepting the terms and conditions of browsing the Gestor\u00eda Ram\u00f3n Santaf\u00e9, S.L. All conditions of use specified in this document comply with the applicable legal provisions. The website Gestor\u00eda Ram\u00f3n Santaf\u00e9, S.L. provides a wide range of information, services and data. The user is responsible for the correct use of the website. This responsibility includes:<\/p><ul><li>The provision by the user of accurate and lawful information in the forms issued by Gestor\u00eda Ram\u00f3n Santaf\u00e9, S.L. as part of access to specific content or services offered on the website<\/li><li>Use of information and data, services offered by Gestor\u00eda Ram\u00f3n Santaf\u00e9, S.L. in a manner inconsistent with these terms, law, morality, decency, public order or any other principles that may cause damage or violate the rights of third parties or the operation of the website.<\/li><\/ul><p style=\"text-align: justify;\"><strong>DISCLAIMER AND EXCLUSION POLICY OF CONTENT OF OTHER WEBSITES<\/strong><\/p><p style=\"text-align: justify;\">Gestor\u00eda Ram\u00f3n Santaf\u00e9, S.L. is not responsible for the content of websites to which the user has access through the links provided on this website and declares that he does not under any circumstances check or control the content of these websites. At the same time, it does not guarantee the technical availability, accuracy, reliability, validity or legality of websites that are not owned by it and which can be accessed via links. Gestor\u00eda Ram\u00f3n Santaf\u00e9, S.L. declares that it has taken all necessary measures to avoid any harm to the users of its website, which could result from browsing it. Consequently, Gestor\u00eda Ram\u00f3n Santaf\u00e9, S.L. under no circumstances is it liable for any damages that may be incurred by the user as a result of using the Internet.<\/p><p><strong>CHANGES ON THE WEBSITE<\/strong><\/p><p style=\"text-align: justify;\">Gestor\u00eda Ram\u00f3n Santaf\u00e9, S.L. reserves the right to make any changes to the content of the website it deems appropriate, without prior notice to the user. The changes may refer to the content of the website as well as its terms of use or general terms and conditions. All kinds of changes to the website are permitted, as permitted by applicable law. The changes will be effective at the time of their publication on the website, until they are later modified.<\/p><p><strong>ONLINE ORDERING OF SERVICES<\/strong><\/p><p style=\"text-align: justify;\">It is possible to order online some of the services provided on the website of Gestor\u00eda Ram\u00f3n Santaf\u00e9, S.L. Using them is tantamount to reading and obligatory acceptance of the General Terms and Conditions for Ordering Services established for this purpose by Gestor\u00eda Ram\u00f3n Santaf\u00e9, S.L.<\/p><p style=\"text-align: justify;\"><strong>DATA PROTECTION<\/strong><\/p><p style=\"text-align: justify;\">In accordance with the Organic Law 145\/1999 on the Protection of Personal Data, Gestor\u00eda Ram\u00f3n Santaf\u00e9, S.L. informs users of its website that the personal data collected by the company from the forms provided on the website will be automatically entered into the Gestor\u00eda Ram\u00f3n Santaf\u00e9, S.L. database to facilitate, streamline and enable the fulfillment of the obligations established between the two parties. Gestor\u00eda Ram\u00f3n Santaf\u00e9, S.L. informs about the possibility of exercising the right to access, change and delete data. This fact must be notified in writing to the following address: Avda. 9 de Octubre 148 Bajo-dcha, 46520- Puerto Sagunto (Valencia). Unless otherwise indicated, the office of Gestor\u00eda Ram\u00f3n Santaf\u00e9, S.L. assumes that:<\/p><ul><li style=\"text-align: justify;\">user data has not changed,<\/li><li style=\"text-align: justify;\">the user undertakes to notify the Gestor\u00eda Ram\u00f3n Santaf\u00e9, S.L. about any changes,<\/li><li style=\"text-align: justify;\">the user agrees that Gestor\u00eda Ram\u00f3n Santaf\u00e9, S.L. used his data for activities related to the provision of services contracted by both parties.<\/li><\/ul><p><strong>INTELLECTUAL PROPERTY<\/strong><\/p><p style=\"text-align: justify;\">Gestor\u00eda Ram\u00f3n Santaf\u00e9, S.L. independently or as an assignee, owns all intellectual property rights to its website, as well as to its content and elements. This content is protected as intellectual property by the Spanish legal system and applicable Spanish and EU regulations in this field, such as international treaties signed by Spain.<\/p><p style=\"text-align: justify;\">All rights reserved. Pursuant to the provisions of Art. 8 and 32.1, second paragraph, of the Intellectual Property Act (la Ley de la Propiedad Intelectual), reproduction, distribution and public communication is prohibited, including any making available of all or part of the content of this website for commercial purposes, in any form or by any technical means, without the authorization of Gestor\u00eda Ram\u00f3n Santaf\u00e9, S.L.<\/p><p style=\"text-align: justify;\">The user undertakes to respect the intellectual property rights owned by Gestor\u00eda Ram\u00f3n Santaf\u00e9, S.L. It is possible to view the elements of the portal, print its content, copy and save them on the hard drive of a computer or any other equipment, provided that they are intended only for personal and private use. The user may not delete, modify or avoid any device or security system that has been installed on the Gestor\u00eda Ram\u00f3n Santaf\u00e9, S.L. website.<\/p><p><strong>COURT PROCEEDINGS, APPLICABLE LAWS AND JURISDICTION<\/strong><\/p><p style=\"text-align: justify;\">Gestor\u00eda Ram\u00f3n Santaf\u00e9, S.L. also reserves the right to take appropriate civil or criminal action in the event of misuse of its website and its content, or in the event of violation of these terms by users. The relationship between the user and the provider is governed by the applicable laws on Spanish territory. Any disputes that may require legal proceedings will be resolved in accordance with the rules on jurisdiction and competence in this regard. Gestor\u00eda Ram\u00f3n Santaf\u00e9, S.L. is based in Valencia, Spain.<\/p>\t\t\t\t\t<\/div>\n\t\t\t\t\t\t<\/div>\n\t\t\t\t<\/div>\n\t\t\t\t\t\t<\/div>\n\t\t\t\t\t<\/div>\n\t\t<\/div>\n\t\t\t\t\t\t\t\t<\/div>\n\t\t\t\t\t<\/div>\n\t\t<\/section>\n\t\t\t\t\t\t\t\t\t<\/div>\n\t\t\t<\/div>\n\t\t\t\t\t<\/div>\n\t\t","protected":false},"excerpt":{"rendered":"<p>Pursuant to Law 34\/2002 &#8220;Servicios de la Sociedad de la Informaci\u00f3n y de Comercio Electr\u00f3nico&#8221; of 11 July, Gestor\u00eda Ram\u00f3n Santaf\u00e9, S.L. hereby informs that it is the owner of the website office: ramonsantafe.es. Pursuant to the requirement of Art. 10 of the said law, Gestor\u00eda Ram\u00f3n Santafe, S.L. also informs that: he owner of [&hellip;]<\/p>\n","protected":false},"author":5,"featured_media":0,"parent":0,"menu_order":0,"comment_status":"closed","ping_status":"closed","template":"","meta":[],"yoast_head":"<!-- This site is optimized with the Yoast SEO plugin v20.5 - https:\/\/yoast.com\/wordpress\/plugins\/seo\/ -->\n<title>Disclaimer - Gestor\u00eda Ram\u00f3n Santaf\u00e9 S.L.<\/title>\n<meta name=\"description\" content=\"Nota prawna: Zasady korzystania ze strony Internetowej biura ksi\u0119gowego w Hiszpanii, polityka ochrony danych osobowych, w\u0142asno\u015b\u0107 intelektualna i inne zasady\" \/>\n<meta name=\"robots\" content=\"index, follow, max-snippet:-1, max-image-preview:large, max-video-preview:-1\" \/>\n<link rel=\"canonical\" href=\"https:\/\/ramonsantafe.es\/en\/disclaimer\/\" \/>\n<meta property=\"og:locale\" content=\"en_US\" \/>\n<meta property=\"og:type\" content=\"article\" \/>\n<meta property=\"og:title\" content=\"Disclaimer - Gestor\u00eda Ram\u00f3n Santaf\u00e9 S.L.\" \/>\n<meta property=\"og:description\" content=\"Nota prawna: Zasady korzystania ze strony Internetowej biura ksi\u0119gowego w Hiszpanii, polityka ochrony danych osobowych, w\u0142asno\u015b\u0107 intelektualna i inne zasady\" \/>\n<meta property=\"og:url\" content=\"https:\/\/ramonsantafe.es\/en\/disclaimer\/\" \/>\n<meta property=\"og:site_name\" content=\"Gestor\u00eda Ram\u00f3n Santaf\u00e9 S.L.\" \/>\n<meta property=\"article:modified_time\" content=\"2024-12-11T12:35:05+00:00\" \/>\n<meta property=\"og:image\" content=\"https:\/\/ramonsantafe.es\/wp-content\/uploads\/2024\/12\/cropped-cropped-cropped-Gestoria-Ramon-Santafe-WEB-Ingles-1-300x166.png\" \/>\n<meta name=\"twitter:card\" content=\"summary_large_image\" \/>\n<meta name=\"twitter:label1\" content=\"Est. reading time\" \/>\n\t<meta name=\"twitter:data1\" content=\"5 minutes\" \/>\n<script type=\"application\/ld+json\" class=\"yoast-schema-graph\">{\"@context\":\"https:\/\/schema.org\",\"@graph\":[{\"@type\":\"WebPage\",\"@id\":\"https:\/\/ramonsantafe.es\/en\/disclaimer\/\",\"url\":\"https:\/\/ramonsantafe.es\/en\/disclaimer\/\",\"name\":\"Disclaimer - Gestor\u00eda Ram\u00f3n Santaf\u00e9 S.L.\",\"isPartOf\":{\"@id\":\"https:\/\/ramonsantafe.es\/#website\"},\"datePublished\":\"2016-11-30T15:25:11+00:00\",\"dateModified\":\"2024-12-11T12:35:05+00:00\",\"description\":\"Nota prawna: Zasady korzystania ze strony Internetowej biura ksi\u0119gowego w Hiszpanii, polityka ochrony danych osobowych, w\u0142asno\u015b\u0107 intelektualna i inne zasady\",\"breadcrumb\":{\"@id\":\"https:\/\/ramonsantafe.es\/en\/disclaimer\/#breadcrumb\"},\"inLanguage\":\"en-US\",\"potentialAction\":[{\"@type\":\"ReadAction\",\"target\":[\"https:\/\/ramonsantafe.es\/en\/disclaimer\/\"]}]},{\"@type\":\"BreadcrumbList\",\"@id\":\"https:\/\/ramonsantafe.es\/en\/disclaimer\/#breadcrumb\",\"itemListElement\":[{\"@type\":\"ListItem\",\"position\":1,\"name\":\"Home\",\"item\":\"https:\/\/ramonsantafe.es\/en\/\"},{\"@type\":\"ListItem\",\"position\":2,\"name\":\"Disclaimer\"}]},{\"@type\":\"WebSite\",\"@id\":\"https:\/\/ramonsantafe.es\/#website\",\"url\":\"https:\/\/ramonsantafe.es\/\",\"name\":\"Gestor\u00eda Ram\u00f3n Santaf\u00e9 S.L.\",\"description\":\"Gestor\u00eda Ram\u00f3n Santaf\u00e9 S.L.\",\"publisher\":{\"@id\":\"https:\/\/ramonsantafe.es\/#organization\"},\"potentialAction\":[{\"@type\":\"SearchAction\",\"target\":{\"@type\":\"EntryPoint\",\"urlTemplate\":\"https:\/\/ramonsantafe.es\/?s={search_term_string}\"},\"query-input\":\"required name=search_term_string\"}],\"inLanguage\":\"en-US\"},{\"@type\":\"Organization\",\"@id\":\"https:\/\/ramonsantafe.es\/#organization\",\"name\":\"Gestor\u00eda Ram\u00f3n Santaf\u00e9 S.L.\",\"url\":\"https:\/\/ramonsantafe.es\/\",\"logo\":{\"@type\":\"ImageObject\",\"inLanguage\":\"en-US\",\"@id\":\"https:\/\/ramonsantafe.es\/#\/schema\/logo\/image\/\",\"url\":\"https:\/\/ramonsantafe.es\/wp-content\/uploads\/2024\/12\/cropped-cropped-Gestoria-Ramon-Santafe-WEB-2.png\",\"contentUrl\":\"https:\/\/ramonsantafe.es\/wp-content\/uploads\/2024\/12\/cropped-cropped-Gestoria-Ramon-Santafe-WEB-2.png\",\"width\":1355,\"height\":733,\"caption\":\"Gestor\u00eda Ram\u00f3n Santaf\u00e9 S.L.\"},\"image\":{\"@id\":\"https:\/\/ramonsantafe.es\/#\/schema\/logo\/image\/\"}}]}<\/script>\n<!-- \/ Yoast SEO plugin. -->","yoast_head_json":{"title":"Disclaimer - Gestor\u00eda Ram\u00f3n Santaf\u00e9 S.L.","description":"Nota prawna: Zasady korzystania ze strony Internetowej biura ksi\u0119gowego w Hiszpanii, polityka ochrony danych osobowych, w\u0142asno\u015b\u0107 intelektualna i inne zasady","robots":{"index":"index","follow":"follow","max-snippet":"max-snippet:-1","max-image-preview":"max-image-preview:large","max-video-preview":"max-video-preview:-1"},"canonical":"https:\/\/ramonsantafe.es\/en\/disclaimer\/","og_locale":"en_US","og_type":"article","og_title":"Disclaimer - Gestor\u00eda Ram\u00f3n Santaf\u00e9 S.L.","og_description":"Nota prawna: Zasady korzystania ze strony Internetowej biura ksi\u0119gowego w Hiszpanii, polityka ochrony danych osobowych, w\u0142asno\u015b\u0107 intelektualna i inne zasady","og_url":"https:\/\/ramonsantafe.es\/en\/disclaimer\/","og_site_name":"Gestor\u00eda Ram\u00f3n Santaf\u00e9 S.L.","article_modified_time":"2024-12-11T12:35:05+00:00","og_image":[{"url":"https:\/\/ramonsantafe.es\/wp-content\/uploads\/2024\/12\/cropped-cropped-cropped-Gestoria-Ramon-Santafe-WEB-Ingles-1-300x166.png"}],"twitter_card":"summary_large_image","twitter_misc":{"Est. reading time":"5 minutes"},"schema":{"@context":"https:\/\/schema.org","@graph":[{"@type":"WebPage","@id":"https:\/\/ramonsantafe.es\/en\/disclaimer\/","url":"https:\/\/ramonsantafe.es\/en\/disclaimer\/","name":"Disclaimer - Gestor\u00eda Ram\u00f3n Santaf\u00e9 S.L.","isPartOf":{"@id":"https:\/\/ramonsantafe.es\/#website"},"datePublished":"2016-11-30T15:25:11+00:00","dateModified":"2024-12-11T12:35:05+00:00","description":"Nota prawna: Zasady korzystania ze strony Internetowej biura ksi\u0119gowego w Hiszpanii, polityka ochrony danych osobowych, w\u0142asno\u015b\u0107 intelektualna i inne zasady","breadcrumb":{"@id":"https:\/\/ramonsantafe.es\/en\/disclaimer\/#breadcrumb"},"inLanguage":"en-US","potentialAction":[{"@type":"ReadAction","target":["https:\/\/ramonsantafe.es\/en\/disclaimer\/"]}]},{"@type":"BreadcrumbList","@id":"https:\/\/ramonsantafe.es\/en\/disclaimer\/#breadcrumb","itemListElement":[{"@type":"ListItem","position":1,"name":"Home","item":"https:\/\/ramonsantafe.es\/en\/"},{"@type":"ListItem","position":2,"name":"Disclaimer"}]},{"@type":"WebSite","@id":"https:\/\/ramonsantafe.es\/#website","url":"https:\/\/ramonsantafe.es\/","name":"Gestor\u00eda Ram\u00f3n Santaf\u00e9 S.L.","description":"Gestor\u00eda Ram\u00f3n Santaf\u00e9 S.L.","publisher":{"@id":"https:\/\/ramonsantafe.es\/#organization"},"potentialAction":[{"@type":"SearchAction","target":{"@type":"EntryPoint","urlTemplate":"https:\/\/ramonsantafe.es\/?s={search_term_string}"},"query-input":"required name=search_term_string"}],"inLanguage":"en-US"},{"@type":"Organization","@id":"https:\/\/ramonsantafe.es\/#organization","name":"Gestor\u00eda Ram\u00f3n Santaf\u00e9 S.L.","url":"https:\/\/ramonsantafe.es\/","logo":{"@type":"ImageObject","inLanguage":"en-US","@id":"https:\/\/ramonsantafe.es\/#\/schema\/logo\/image\/","url":"https:\/\/ramonsantafe.es\/wp-content\/uploads\/2024\/12\/cropped-cropped-Gestoria-Ramon-Santafe-WEB-2.png","contentUrl":"https:\/\/ramonsantafe.es\/wp-content\/uploads\/2024\/12\/cropped-cropped-Gestoria-Ramon-Santafe-WEB-2.png","width":1355,"height":733,"caption":"Gestor\u00eda Ram\u00f3n Santaf\u00e9 S.L."},"image":{"@id":"https:\/\/ramonsantafe.es\/#\/schema\/logo\/image\/"}}]}},"_links":{"self":[{"href":"https:\/\/ramonsantafe.es\/en\/wp-json\/wp\/v2\/pages\/1846"}],"collection":[{"href":"https:\/\/ramonsantafe.es\/en\/wp-json\/wp\/v2\/pages"}],"about":[{"href":"https:\/\/ramonsantafe.es\/en\/wp-json\/wp\/v2\/types\/page"}],"author":[{"embeddable":true,"href":"https:\/\/ramonsantafe.es\/en\/wp-json\/wp\/v2\/users\/5"}],"replies":[{"embeddable":true,"href":"https:\/\/ramonsantafe.es\/en\/wp-json\/wp\/v2\/comments?post=1846"}],"version-history":[{"count":5,"href":"https:\/\/ramonsantafe.es\/en\/wp-json\/wp\/v2\/pages\/1846\/revisions"}],"predecessor-version":[{"id":2143,"href":"https:\/\/ramonsantafe.es\/en\/wp-json\/wp\/v2\/pages\/1846\/revisions\/2143"}],"wp:attachment":[{"href":"https:\/\/ramonsantafe.es\/en\/wp-json\/wp\/v2\/media?parent=1846"}],"curies":[{"name":"wp","href":"https:\/\/api.w.org\/{rel}","templated":true}]}}